{"id":8,"date":"2025-03-19T17:03:45","date_gmt":"2025-03-19T17:03:45","guid":{"rendered":"https:\/\/marketingmanus.hu\/?page_id=8"},"modified":"2025-11-16T17:44:25","modified_gmt":"2025-11-16T17:44:25","slug":"coming-soon","status":"publish","type":"page","link":"https:\/\/marketingmanus.hu\/","title":{"rendered":"Coming soon"},"content":{"rendered":"<style>.elementor-8 .elementor-element.elementor-element-61fff2e0{--display:flex;--min-height:100vh;--flex-direction:column;--container-widget-width:100%;--container-widget-height:initial;--container-widget-flex-grow:0;--container-widget-align-self:initial;--flex-wrap-mobile:wrap;--justify-content:center;--gap:30px 30px;--row-gap:30px;--column-gap:30px;--overlay-opacity:0.06;}.elementor-8 .elementor-element.elementor-element-61fff2e0:not(.elementor-motion-effects-element-type-background), .elementor-8 .elementor-element.elementor-element-61fff2e0 > .elementor-motion-effects-container > .elementor-motion-effects-layer{background-image:url(\"https:\/\/marketingmanus.hu\/wp-content\/uploads\/2025\/11\/U44YRS9h.jpg\");background-position:center center;background-repeat:no-repeat;background-size:cover;}.elementor-8 .elementor-element.elementor-element-61fff2e0::before, .elementor-8 .elementor-element.elementor-element-61fff2e0 > .elementor-background-video-container::before, .elementor-8 .elementor-element.elementor-element-61fff2e0 > .e-con-inner > .elementor-background-video-container::before, .elementor-8 .elementor-element.elementor-element-61fff2e0 > .elementor-background-slideshow::before, .elementor-8 .elementor-element.elementor-element-61fff2e0 > .e-con-inner > .elementor-background-slideshow::before, .elementor-8 .elementor-element.elementor-element-61fff2e0 > .elementor-motion-effects-container > .elementor-motion-effects-layer::before{background-color:var( --e-global-color-accent );--background-overlay:'';}.elementor-8 .elementor-element.elementor-element-61fff2e0.e-con{--flex-grow:0;--flex-shrink:0;}.elementor-8 .elementor-element.elementor-element-713a92f4{text-align:center;}.elementor-8 .elementor-element.elementor-element-713a92f4 .elementor-heading-title{-webkit-text-stroke-width:2px;stroke-width:2px;-webkit-text-stroke-color:var( --e-global-color-secondary );stroke:var( --e-global-color-secondary );color:#FF6406;}.elementor-8 .elementor-element.elementor-element-2cb7fab9{text-align:center;}.elementor-8 .elementor-element.elementor-element-104374e9{width:var( --container-widget-width, 50% );max-width:50%;--container-widget-width:50%;--container-widget-flex-grow:0;column-gap:30px;text-align:center;font-size:25px;}.elementor-8 .elementor-element.elementor-element-104374e9.elementor-element{--align-self:center;}.elementor-8 .elementor-element.elementor-element-334e398{--display:grid;--e-con-grid-template-columns:repeat(2, 1fr);--e-con-grid-template-rows:repeat(1, 1fr);--gap:0px 0px;--row-gap:0px;--column-gap:0px;--grid-auto-flow:row;--justify-items:start;}.elementor-8 .elementor-element.elementor-element-334e398.e-con{--align-self:center;}.elementor-8 .elementor-element.elementor-element-68246769{z-index:2;}.elementor-8 .elementor-element.elementor-element-68246769 .elementor-button-content-wrapper{flex-direction:row;}.elementor-8 .elementor-element.elementor-element-68246769 .elementor-button .elementor-button-content-wrapper{gap:10px;}.elementor-8 .elementor-element.elementor-element-68246769 .elementor-button{fill:var( --e-global-color-secondary );color:var( --e-global-color-secondary );border-style:solid;}.elementor-8 .elementor-element.elementor-element-68246769 .elementor-button:hover, .elementor-8 .elementor-element.elementor-element-68246769 .elementor-button:focus{color:var( --e-global-color-primary );}.elementor-8 .elementor-element.elementor-element-68246769 .elementor-button:hover svg, .elementor-8 .elementor-element.elementor-element-68246769 .elementor-button:focus svg{fill:var( --e-global-color-primary );}.elementor-8 .elementor-element.elementor-element-f365911{z-index:2;}.elementor-8 .elementor-element.elementor-element-f365911 .elementor-button-content-wrapper{flex-direction:row;}.elementor-8 .elementor-element.elementor-element-f365911 .elementor-button .elementor-button-content-wrapper{gap:10px;}.elementor-8 .elementor-element.elementor-element-f365911 .elementor-button{fill:var( --e-global-color-secondary );color:var( --e-global-color-secondary );border-style:solid;}.elementor-8 .elementor-element.elementor-element-f365911 .elementor-button:hover, .elementor-8 .elementor-element.elementor-element-f365911 .elementor-button:focus{color:var( --e-global-color-primary );}.elementor-8 .elementor-element.elementor-element-f365911 .elementor-button:hover svg, .elementor-8 .elementor-element.elementor-element-f365911 .elementor-button:focus svg{fill:var( --e-global-color-primary );}@media(min-width:768px){.elementor-8 .elementor-element.elementor-element-334e398{--width:50%;}}@media(max-width:1024px){.elementor-8 .elementor-element.elementor-element-104374e9{--container-widget-width:100%;--container-widget-flex-grow:0;width:var( --container-widget-width, 100% );max-width:100%;}.elementor-8 .elementor-element.elementor-element-334e398{--grid-auto-flow:row;}}@media(max-width:767px){.elementor-8 .elementor-element.elementor-element-61fff2e0{--min-height:100vh;--gap:40px 40px;--row-gap:40px;--column-gap:40px;}.elementor-8 .elementor-element.elementor-element-61fff2e0:not(.elementor-motion-effects-element-type-background), .elementor-8 .elementor-element.elementor-element-61fff2e0 > .elementor-motion-effects-container > .elementor-motion-effects-layer{background-position:bottom right;background-size:800px auto;}.elementor-8 .elementor-element.elementor-element-2cb7fab9 .elementor-heading-title{font-size:40px;}.elementor-8 .elementor-element.elementor-element-104374e9{columns:1;font-size:20px;}.elementor-8 .elementor-element.elementor-element-334e398{--e-con-grid-template-columns:repeat(1, 1fr);--gap:20px 20px;--row-gap:20px;--column-gap:20px;--grid-auto-flow:row;--justify-items:center;}}<\/style>\t\t<div data-elementor-type=\"wp-page\" data-elementor-id=\"8\" class=\"elementor elementor-8\" data-elementor-post-type=\"page\">\n\t\t\t\t<div class=\"elementor-element elementor-element-61fff2e0 e-con-full e-flex e-con e-parent\" data-id=\"61fff2e0\" data-element_type=\"container\" data-settings=\"{&quot;background_background&quot;:&quot;classic&quot;}\">\n\t\t\t\t<div class=\"elementor-element elementor-element-713a92f4 elementor-widget elementor-widget-heading\" data-id=\"713a92f4\" data-element_type=\"widget\" data-widget_type=\"heading.default\">\n\t\t\t\t<div class=\"elementor-widget-container\">\n\t\t\t\t\t<h1 class=\"elementor-heading-title elementor-size-default\">Marketing Manus<\/h1>\t\t\t\t<\/div>\n\t\t\t\t<\/div>\n\t\t\t\t<div class=\"elementor-element elementor-element-2cb7fab9 elementor-widget elementor-widget-heading\" data-id=\"2cb7fab9\" data-element_type=\"widget\" data-widget_type=\"heading.default\">\n\t\t\t\t<div class=\"elementor-widget-container\">\n\t\t\t\t\t<h3 class=\"elementor-heading-title elementor-size-default\">Oldalamat \u00e9pp tuningolj\u00e1k <\/h3>\t\t\t\t<\/div>\n\t\t\t\t<\/div>\n\t\t\t\t<div class=\"elementor-element elementor-element-104374e9 elementor-widget__width-initial elementor-widget elementor-widget-text-editor\" data-id=\"104374e9\" data-element_type=\"widget\" data-widget_type=\"text-editor.default\">\n\t\t\t\t<div class=\"elementor-widget-container\">\n\t\t\t\t\t\t\t\t\t<p>Hamarosan \u00e9rkezem az \u00faj diz\u00e1jnnal! <br \/>Addig is keress el\u00e9rhet\u0151s\u00e9geimen!<\/p>\t\t\t\t\t\t\t\t<\/div>\n\t\t\t\t<\/div>\n\t\t<div class=\"elementor-element elementor-element-334e398 e-grid e-con-full e-con e-child\" data-id=\"334e398\" data-element_type=\"container\">\n\t\t\t\t<div class=\"elementor-element elementor-element-68246769 elementor-align-center elementor-widget elementor-widget-button\" data-id=\"68246769\" data-element_type=\"widget\" data-widget_type=\"button.default\">\n\t\t\t\t<div class=\"elementor-widget-container\">\n\t\t\t\t\t\t\t\t\t<div class=\"elementor-button-wrapper\">\n\t\t\t\t\t<a class=\"elementor-button elementor-button-link elementor-size-sm elementor-animation-shrink\" href=\"tel:+36209659272\">\n\t\t\t\t\t\t<span class=\"elementor-button-content-wrapper\">\n\t\t\t\t\t\t<span class=\"elementor-button-icon\">\n\t\t\t\t<i aria-hidden=\"true\" class=\"icon icon-phone1\"><\/i>\t\t\t<\/span>\n\t\t\t\t\t\t\t\t\t<span class=\"elementor-button-text\">+36 20 965 9272<\/span>\n\t\t\t\t\t<\/span>\n\t\t\t\t\t<\/a>\n\t\t\t\t<\/div>\n\t\t\t\t\t\t\t\t<\/div>\n\t\t\t\t<\/div>\n\t\t\t\t<div class=\"elementor-element elementor-element-f365911 elementor-align-center elementor-widget elementor-widget-button\" data-id=\"f365911\" data-element_type=\"widget\" data-widget_type=\"button.default\">\n\t\t\t\t<div class=\"elementor-widget-container\">\n\t\t\t\t\t\t\t\t\t<div class=\"elementor-button-wrapper\">\n\t\t\t\t\t<a class=\"elementor-button elementor-button-link elementor-size-sm elementor-animation-shrink\" href=\"mailto:hello@marketingmanus.hu\">\n\t\t\t\t\t\t<span class=\"elementor-button-content-wrapper\">\n\t\t\t\t\t\t<span class=\"elementor-button-icon\">\n\t\t\t\t<i aria-hidden=\"true\" class=\"icon icon-email\"><\/i>\t\t\t<\/span>\n\t\t\t\t\t\t\t\t\t<span class=\"elementor-button-text\">hello@marketingmanus.hu<\/span>\n\t\t\t\t\t<\/span>\n\t\t\t\t\t<\/a>\n\t\t\t\t<\/div>\n\t\t\t\t\t\t\t\t<\/div>\n\t\t\t\t<\/div>\n\t\t\t\t<\/div>\n\t\t\t\t<\/div>\n\t\t\t\t<\/div>\n\t\t","protected":false},"excerpt":{"rendered":"<p>Marketing Manus Oldalamat \u00e9pp tuningolj\u00e1k Hamarosan \u00e9rkezem az \u00faj diz\u00e1jnnal! Addig is keress el\u00e9rhet\u0151s\u00e9geimen! +36 20 965 9272 hello@marketingmanus.hu<\/p>\n","protected":false},"author":1,"featured_media":0,"parent":0,"menu_order":0,"comment_status":"closed","ping_status":"closed","template":"","meta":{"footnotes":""},"class_list":["post-8","page","type-page","status-publish","hentry","entry"],"_links":{"self":[{"href":"https:\/\/marketingmanus.hu\/index.php\/wp-json\/wp\/v2\/pages\/8","targetHints":{"allow":["GET"]}}],"collection":[{"href":"https:\/\/marketingmanus.hu\/index.php\/wp-json\/wp\/v2\/pages"}],"about":[{"href":"https:\/\/marketingmanus.hu\/index.php\/wp-json\/wp\/v2\/types\/page"}],"author":[{"embeddable":true,"href":"https:\/\/marketingmanus.hu\/index.php\/wp-json\/wp\/v2\/users\/1"}],"replies":[{"embeddable":true,"href":"https:\/\/marketingmanus.hu\/index.php\/wp-json\/wp\/v2\/comments?post=8"}],"version-history":[{"count":115,"href":"https:\/\/marketingmanus.hu\/index.php\/wp-json\/wp\/v2\/pages\/8\/revisions"}],"predecessor-version":[{"id":225,"href":"https:\/\/marketingmanus.hu\/index.php\/wp-json\/wp\/v2\/pages\/8\/revisions\/225"}],"wp:attachment":[{"href":"https:\/\/marketingmanus.hu\/index.php\/wp-json\/wp\/v2\/media?parent=8"}],"curies":[{"name":"wp","href":"https:\/\/api.w.org\/{rel}","templated":true}]}}